{"id":952,"date":"2025-06-06T12:20:11","date_gmt":"2025-06-06T10:20:11","guid":{"rendered":"https:\/\/inkigorooms.com\/?page_id=952"},"modified":"2025-06-18T16:22:23","modified_gmt":"2025-06-18T14:22:23","slug":"entorno-hotel-inkigo-rooms","status":"publish","type":"page","link":"https:\/\/inkigorooms.com\/en\/entorno-hotel-inkigo-rooms\/","title":{"rendered":"Entorno Hotel Inkigo Rooms"},"content":{"rendered":"\t\t<div data-elementor-type=\"wp-page\" data-elementor-id=\"952\" class=\"elementor elementor-952\" data-elementor-post-type=\"page\">\n\t\t\t\t<div class=\"elementor-element elementor-element-40f6892 e-flex e-con-boxed e-con e-parent\" data-id=\"40f6892\" data-element_type=\"container\" data-e-type=\"container\" data-settings=\"{&quot;background_background&quot;:&quot;classic&quot;}\">\n\t\t\t\t\t<div class=\"e-con-inner\">\n\t\t<div class=\"elementor-element elementor-element-21b8cd2 e-con-full e-flex e-con e-child\" data-id=\"21b8cd2\" data-element_type=\"container\" data-e-type=\"container\">\n\t\t\t\t<div class=\"elementor-element elementor-element-cb6dd6d elementor-widget__width-inherit elementor-widget elementor-widget-heading\" data-id=\"cb6dd6d\" data-element_type=\"widget\" data-e-type=\"widget\" data-widget_type=\"heading.default\">\n\t\t\t\t<div class=\"elementor-widget-container\">\n\t\t\t\t\t<h1 class=\"elementor-heading-title elementor-size-default\">Entorno<\/h1>\t\t\t\t<\/div>\n\t\t\t\t<\/div>\n\t\t\t\t<div class=\"elementor-element elementor-element-fba59f9 animated-slow elementor-widget-divider--view-line elementor-invisible elementor-widget elementor-widget-divider\" data-id=\"fba59f9\" data-element_type=\"widget\" data-e-type=\"widget\" data-settings=\"{&quot;_animation&quot;:&quot;slideInLeft&quot;}\" data-widget_type=\"divider.default\">\n\t\t\t\t<div class=\"elementor-widget-container\">\n\t\t\t\t\t\t\t<div class=\"elementor-divider\">\n\t\t\t<span class=\"elementor-divider-separator\">\n\t\t\t\t\t\t<\/span>\n\t\t<\/div>\n\t\t\t\t\t\t<\/div>\n\t\t\t\t<\/div>\n\t\t\t\t<\/div>\n\t\t<div class=\"elementor-element elementor-element-1bee7d2 e-con-full e-flex e-con e-child\" data-id=\"1bee7d2\" data-element_type=\"container\" data-e-type=\"container\" data-settings=\"{&quot;background_background&quot;:&quot;classic&quot;}\">\n\t\t\t\t<div class=\"elementor-element elementor-element-fa0ff88 elementor-widget elementor-widget-shortcode\" data-id=\"fa0ff88\" data-element_type=\"widget\" data-e-type=\"widget\" data-widget_type=\"shortcode.default\">\n\t\t\t\t<div class=\"elementor-widget-container\">\n\t\t\t\t\t\t\t<div class=\"elementor-shortcode\">[av_calendar id=1]<\/div>\n\t\t\t\t\t\t<\/div>\n\t\t\t\t<\/div>\n\t\t\t\t<\/div>\n\t\t\t\t\t<\/div>\n\t\t\t\t<\/div>\n\t\t<div class=\"elementor-element elementor-element-8f42261 e-flex e-con-boxed e-con e-parent\" data-id=\"8f42261\" data-element_type=\"container\" data-e-type=\"container\" data-settings=\"{&quot;background_background&quot;:&quot;classic&quot;}\">\n\t\t\t\t\t<div class=\"e-con-inner\">\n\t\t<div class=\"elementor-element elementor-element-8716586 e-con-full e-flex e-con e-child\" data-id=\"8716586\" data-element_type=\"container\" data-e-type=\"container\">\n\t\t\t\t<div class=\"elementor-element elementor-element-40808ee elementor-widget elementor-widget-heading\" data-id=\"40808ee\" data-element_type=\"widget\" data-e-type=\"widget\" data-widget_type=\"heading.default\">\n\t\t\t\t<div class=\"elementor-widget-container\">\n\t\t\t\t\t<h2 class=\"elementor-heading-title elementor-size-default\">JACA<\/h2>\t\t\t\t<\/div>\n\t\t\t\t<\/div>\n\t\t\t\t<div class=\"elementor-element elementor-element-b48bb4c elementor-widget elementor-widget-heading\" data-id=\"b48bb4c\" data-element_type=\"widget\" data-e-type=\"widget\" data-widget_type=\"heading.default\">\n\t\t\t\t<div class=\"elementor-widget-container\">\n\t\t\t\t\t<h2 class=\"elementor-heading-title elementor-size-default\">LA PERLA DE<br> LOS PIRINEOS<\/h2>\t\t\t\t<\/div>\n\t\t\t\t<\/div>\n\t\t\t\t<div class=\"elementor-element elementor-element-03f4a2e elementor-widget elementor-widget-text-editor\" data-id=\"03f4a2e\" data-element_type=\"widget\" data-e-type=\"widget\" data-widget_type=\"text-editor.default\">\n\t\t\t\t<div class=\"elementor-widget-container\">\n\t\t\t\t\t\t\t\t\t<p>Jaca es mucho m\u00e1s que una ciudad de monta\u00f1a: es historia, cultura y naturaleza en estado puro. Conocida como <strong data-start=\"297\" data-end=\"327\">\u201cla perla de los Pirineos\u201d<\/strong>, esta ciudad cosmopolita situada en pleno coraz\u00f3n del Pirineo aragon\u00e9s es una parada clave en el <strong data-start=\"425\" data-end=\"447\">Camino de Santiago<\/strong> y un destino ideal durante todo el a\u00f1o.<\/p><p>Uno de sus emblemas m\u00e1s destacados es la <strong data-start=\"476\" data-end=\"497\">Ciudadela de Jaca<\/strong>, una impresionante fortaleza pentagonal del siglo XVI, declarada Monumento Hist\u00f3rico-Art\u00edstico, que sorprende por su excelente estado de conservaci\u00f3n y por albergar el Museo de Miniaturas Militares, una visita fascinante tanto para adultos como para ni\u00f1os.<\/p>\t\t\t\t\t\t\t\t<\/div>\n\t\t\t\t<\/div>\n\t\t\t\t<\/div>\n\t\t<div class=\"elementor-element elementor-element-f301f57 e-con-full e-flex e-con e-child\" data-id=\"f301f57\" data-element_type=\"container\" data-e-type=\"container\" data-settings=\"{&quot;background_background&quot;:&quot;classic&quot;}\">\n\t\t\t\t<\/div>\n\t\t\t\t\t<\/div>\n\t\t\t\t<\/div>\n\t\t<div class=\"elementor-element elementor-element-765ff3c e-grid e-con-boxed e-con e-parent\" data-id=\"765ff3c\" data-element_type=\"container\" data-e-type=\"container\" data-settings=\"{&quot;background_background&quot;:&quot;classic&quot;}\">\n\t\t\t\t\t<div class=\"e-con-inner\">\n\t\t<div class=\"elementor-element elementor-element-63b8553 e-con-full e-flex e-con e-child\" data-id=\"63b8553\" data-element_type=\"container\" data-e-type=\"container\">\n\t\t\t\t<div class=\"elementor-element elementor-element-3e3489a elementor-widget elementor-widget-text-editor\" data-id=\"3e3489a\" data-element_type=\"widget\" data-e-type=\"widget\" data-widget_type=\"text-editor.default\">\n\t\t\t\t<div class=\"elementor-widget-container\">\n\t\t\t\t\t\t\t\t\t<p>Pero Jaca ofrece mucho m\u00e1s. El <strong data-start=\"787\" data-end=\"804\">Casco Antiguo<\/strong> invita a pasear por sus calles empedradas y descubrir joyas como la <strong data-start=\"873\" data-end=\"898\">Catedral de San Pedro<\/strong>, una de las m\u00e1s antiguas de estilo rom\u00e1nico en Espa\u00f1a. El ambiente local, lleno de vida y de buena gastronom\u00eda, se respira en sus plazas, mercados y restaurantes donde se puede disfrutar de productos t\u00edpicos del Pirineo.<\/p>\t\t\t\t\t\t\t\t<\/div>\n\t\t\t\t<\/div>\n\t\t\t\t<\/div>\n\t\t<div class=\"elementor-element elementor-element-1340ef3 e-con-full e-flex e-con e-child\" data-id=\"1340ef3\" data-element_type=\"container\" data-e-type=\"container\" data-settings=\"{&quot;background_background&quot;:&quot;classic&quot;}\">\n\t\t\t\t<\/div>\n\t\t<div class=\"elementor-element elementor-element-38d934a e-con-full e-flex e-con e-child\" data-id=\"38d934a\" data-element_type=\"container\" data-e-type=\"container\" data-settings=\"{&quot;background_background&quot;:&quot;classic&quot;}\">\n\t\t\t\t<\/div>\n\t\t<div class=\"elementor-element elementor-element-b5ea6b0 e-con-full e-flex e-con e-child\" data-id=\"b5ea6b0\" data-element_type=\"container\" data-e-type=\"container\" data-settings=\"{&quot;background_background&quot;:&quot;classic&quot;}\">\n\t\t\t\t<\/div>\n\t\t\t\t\t<\/div>\n\t\t\t\t<\/div>\n\t\t<div class=\"elementor-element elementor-element-c955fe4 e-flex e-con-boxed e-con e-parent\" data-id=\"c955fe4\" data-element_type=\"container\" data-e-type=\"container\" data-settings=\"{&quot;background_background&quot;:&quot;classic&quot;}\">\n\t\t\t\t\t<div class=\"e-con-inner\">\n\t\t<div class=\"elementor-element elementor-element-99def7e e-con-full e-flex e-con e-child\" data-id=\"99def7e\" data-element_type=\"container\" data-e-type=\"container\" data-settings=\"{&quot;background_background&quot;:&quot;classic&quot;}\">\n\t\t\t\t<div class=\"elementor-element elementor-element-f93b42e elementor-widget elementor-widget-heading\" data-id=\"f93b42e\" data-element_type=\"widget\" data-e-type=\"widget\" data-widget_type=\"heading.default\">\n\t\t\t\t<div class=\"elementor-widget-container\">\n\t\t\t\t\t<h2 class=\"elementor-heading-title elementor-size-default\">Naturaleza <b>pura<\/b><\/h2>\t\t\t\t<\/div>\n\t\t\t\t<\/div>\n\t\t\t\t<div class=\"elementor-element elementor-element-2644e34 elementor-widget elementor-widget-text-editor\" data-id=\"2644e34\" data-element_type=\"widget\" data-e-type=\"widget\" data-widget_type=\"text-editor.default\">\n\t\t\t\t<div class=\"elementor-widget-container\">\n\t\t\t\t\t\t\t\t\tAdem\u00e1s, Jaca es el punto de partida perfecto para explorar paisajes naturales espectaculares. Muy cerca encontrar\u00e1s el <strong data-start=\"1088\" data-end=\"1125\">Monasterio de San Juan de la Pe\u00f1a<\/strong>, escondido entre bosques y rocas, o el <strong data-start=\"1165\" data-end=\"1210\">Parque Natural de los Valles Occidentales<\/strong>, ideal para los amantes del senderismo, la fotograf\u00eda y la observaci\u00f3n de fauna.\t\t\t\t\t\t\t\t<\/div>\n\t\t\t\t<\/div>\n\t\t\t\t<div class=\"elementor-element elementor-element-6e20c4a elementor-widget__width-auto elementor-widget elementor-widget-image\" data-id=\"6e20c4a\" data-element_type=\"widget\" data-e-type=\"widget\" data-widget_type=\"image.default\">\n\t\t\t\t<div class=\"elementor-widget-container\">\n\t\t\t\t\t\t\t\t\t\t\t\t\t\t\t<img fetchpriority=\"high\" decoding=\"async\" width=\"1024\" height=\"768\" src=\"https:\/\/inkigorooms.com\/en\/wp-content\/uploads\/sites\/2\/Claustro_del_Monasterio_de_San_Juan_de_la_Penna.webp\" class=\"attachment-large size-large wp-image-961\" alt=\"Claustro del Monasterio de San Juan de la Penna\" srcset=\"https:\/\/inkigorooms.com\/en\/wp-content\/uploads\/sites\/2\/Claustro_del_Monasterio_de_San_Juan_de_la_Penna.webp 1024w, https:\/\/inkigorooms.com\/en\/wp-content\/uploads\/sites\/2\/Claustro_del_Monasterio_de_San_Juan_de_la_Penna-768x576.webp 768w\" sizes=\"(max-width: 1024px) 100vw, 1024px\" \/>\t\t\t\t\t\t\t\t\t\t\t\t\t\t\t<\/div>\n\t\t\t\t<\/div>\n\t\t\t\t<\/div>\n\t\t\t\t\t<\/div>\n\t\t\t\t<\/div>\n\t\t<div class=\"elementor-element elementor-element-04b9bd4 e-flex e-con-boxed e-con e-parent\" data-id=\"04b9bd4\" data-element_type=\"container\" data-e-type=\"container\">\n\t\t\t\t\t<div class=\"e-con-inner\">\n\t\t<div class=\"elementor-element elementor-element-888a4c4 e-con-full e-flex e-con e-child\" data-id=\"888a4c4\" data-element_type=\"container\" data-e-type=\"container\">\n\t\t<div class=\"elementor-element elementor-element-bf1e453 e-con-full e-flex e-con e-child\" data-id=\"bf1e453\" data-element_type=\"container\" data-e-type=\"container\" data-settings=\"{&quot;background_background&quot;:&quot;classic&quot;}\">\n\t\t\t\t<\/div>\n\t\t<div class=\"elementor-element elementor-element-4993c0f e-con-full e-flex e-con e-child\" data-id=\"4993c0f\" data-element_type=\"container\" data-e-type=\"container\" data-settings=\"{&quot;background_background&quot;:&quot;classic&quot;}\">\n\t\t\t\t<\/div>\n\t\t\t\t<\/div>\n\t\t<div class=\"elementor-element elementor-element-a9489fc e-con-full e-flex e-con e-child\" data-id=\"a9489fc\" data-element_type=\"container\" data-e-type=\"container\">\n\t\t\t\t<div class=\"elementor-element elementor-element-4ad1aa0 elementor-widget elementor-widget-heading\" data-id=\"4ad1aa0\" data-element_type=\"widget\" data-e-type=\"widget\" data-widget_type=\"heading.default\">\n\t\t\t\t<div class=\"elementor-widget-container\">\n\t\t\t\t\t<h2 class=\"elementor-heading-title elementor-size-default\">Para todas las<br><b>estaciones<\/b><\/h2>\t\t\t\t<\/div>\n\t\t\t\t<\/div>\n\t\t<div class=\"elementor-element elementor-element-4f885db e-con-full e-flex e-con e-child\" data-id=\"4f885db\" data-element_type=\"container\" data-e-type=\"container\">\n\t\t\t\t<div class=\"elementor-element elementor-element-9adf41e elementor-widget elementor-widget-text-editor\" data-id=\"9adf41e\" data-element_type=\"widget\" data-e-type=\"widget\" data-widget_type=\"text-editor.default\">\n\t\t\t\t<div class=\"elementor-widget-container\">\n\t\t\t\t\t\t\t\t\t<p>En invierno, la ciudad se convierte en uno de los centros neur\u00e1lgicos del esqu\u00ed en el Pirineo, con las estaciones de <strong data-start=\"1410\" data-end=\"1419\">Ast\u00fan<\/strong> y <strong data-start=\"1422\" data-end=\"1435\">Candanch\u00fa<\/strong> a pocos kil\u00f3metros. Y durante el resto del a\u00f1o, ofrece actividades como ciclismo, rutas gastron\u00f3micas, visitas guiadas y festivales culturales.<\/p><p>Explora el <strong data-start=\"867\" data-end=\"912\">Parque Natural de los Valles Occidentales<\/strong> o haz rutas por la <strong data-start=\"932\" data-end=\"948\">Selva de Oza<\/strong>, el <strong data-start=\"953\" data-end=\"972\">Ib\u00f3n de Estan\u00e9s<\/strong> o el espectacular entorno del <strong data-start=\"1003\" data-end=\"1040\">Monasterio de San Juan de la Pe\u00f1a<\/strong>.<br \/><br data-start=\"1041\" data-end=\"1044\" \/>Si lo tuyo es la bici, Jaca es un punto de partida excelente para cicloturismo, BTT o gravel en plena monta\u00f1a.<\/p>\t\t\t\t\t\t\t\t<\/div>\n\t\t\t\t<\/div>\n\t\t\t\t<\/div>\n\t\t<div class=\"elementor-element elementor-element-f3644d1 e-con-full e-flex e-con e-child\" data-id=\"f3644d1\" data-element_type=\"container\" data-e-type=\"container\" data-settings=\"{&quot;background_background&quot;:&quot;classic&quot;}\">\n\t\t\t\t<\/div>\n\t\t\t\t<\/div>\n\t\t\t\t\t<\/div>\n\t\t\t\t<\/div>\n\t\t\t\t<\/div>\n\t\t","protected":false},"excerpt":{"rendered":"<p>Entorno [av_calendar id=1] JACA LA PERLA DE LOS PIRINEOS Jaca es mucho m\u00e1s que una ciudad de monta\u00f1a: es historia, cultura y naturaleza en estado puro. Conocida como \u201cla perla de los Pirineos\u201d, esta ciudad cosmopolita situada en pleno coraz\u00f3n del Pirineo aragon\u00e9s es una parada clave en el Camino de Santiago y un destino [&hellip;]<\/p>\n","protected":false},"author":1,"featured_media":0,"parent":0,"menu_order":0,"comment_status":"closed","ping_status":"closed","template":"elementor_header_footer","meta":{"footnotes":""},"class_list":["post-952","page","type-page","status-publish","hentry"],"yoast_head":"<!-- This site is optimized with the Yoast SEO plugin v27.4 - https:\/\/yoast.com\/product\/yoast-seo-wordpress\/ -->\n<title>Entorno Hotel Inkigo Rooms - Ingl\u00e9s Inkigo Rooms<\/title>\n<meta name=\"description\" content=\"Jaca es mucho m\u00e1s que una ciudad de monta\u00f1a: es historia, cultura y naturaleza en estado puro. Conocida como \u201cla perla de los Pirineos\u201d.\" \/>\n<meta name=\"robots\" content=\"index, follow, max-snippet:-1, max-image-preview:large, max-video-preview:-1\" \/>\n<link rel=\"canonical\" href=\"https:\/\/inkigorooms.com\/en\/entorno-hotel-inkigo-rooms\/\" \/>\n<meta property=\"og:locale\" content=\"es_ES\" \/>\n<meta property=\"og:type\" content=\"article\" \/>\n<meta property=\"og:title\" content=\"Entorno Hotel Inkigo Rooms - Ingl\u00e9s Inkigo Rooms\" \/>\n<meta property=\"og:description\" content=\"Jaca es mucho m\u00e1s que una ciudad de monta\u00f1a: es historia, cultura y naturaleza en estado puro. Conocida como \u201cla perla de los Pirineos\u201d.\" \/>\n<meta property=\"og:url\" content=\"https:\/\/inkigorooms.com\/en\/entorno-hotel-inkigo-rooms\/\" \/>\n<meta property=\"og:site_name\" content=\"Ingl\u00e9s Inkigo Rooms\" \/>\n<meta property=\"article:modified_time\" content=\"2025-06-18T14:22:23+00:00\" \/>\n<meta property=\"og:image\" content=\"https:\/\/inkigorooms.com\/wp-content\/uploads\/sites\/2\/Claustro_del_Monasterio_de_San_Juan_de_la_Penna.webp\" \/>\n<meta name=\"twitter:card\" content=\"summary_large_image\" \/>\n<meta name=\"twitter:label1\" content=\"Tiempo de lectura\" \/>\n\t<meta name=\"twitter:data1\" content=\"2 minutos\" \/>\n<script type=\"application\/ld+json\" class=\"yoast-schema-graph\">{\"@context\":\"https:\\\/\\\/schema.org\",\"@graph\":[{\"@type\":\"WebPage\",\"@id\":\"https:\\\/\\\/inkigorooms.com\\\/en\\\/entorno-hotel-inkigo-rooms\\\/\",\"url\":\"https:\\\/\\\/inkigorooms.com\\\/en\\\/entorno-hotel-inkigo-rooms\\\/\",\"name\":\"Entorno Hotel Inkigo Rooms - Ingl\u00e9s Inkigo Rooms\",\"isPartOf\":{\"@id\":\"https:\\\/\\\/inkigorooms.com\\\/en\\\/#website\"},\"primaryImageOfPage\":{\"@id\":\"https:\\\/\\\/inkigorooms.com\\\/en\\\/entorno-hotel-inkigo-rooms\\\/#primaryimage\"},\"image\":{\"@id\":\"https:\\\/\\\/inkigorooms.com\\\/en\\\/entorno-hotel-inkigo-rooms\\\/#primaryimage\"},\"thumbnailUrl\":\"https:\\\/\\\/inkigorooms.com\\\/wp-content\\\/uploads\\\/sites\\\/2\\\/Claustro_del_Monasterio_de_San_Juan_de_la_Penna.webp\",\"datePublished\":\"2025-06-06T10:20:11+00:00\",\"dateModified\":\"2025-06-18T14:22:23+00:00\",\"description\":\"Jaca es mucho m\u00e1s que una ciudad de monta\u00f1a: es historia, cultura y naturaleza en estado puro. Conocida como \u201cla perla de los Pirineos\u201d.\",\"breadcrumb\":{\"@id\":\"https:\\\/\\\/inkigorooms.com\\\/en\\\/entorno-hotel-inkigo-rooms\\\/#breadcrumb\"},\"inLanguage\":\"es\",\"potentialAction\":[{\"@type\":\"ReadAction\",\"target\":[\"https:\\\/\\\/inkigorooms.com\\\/en\\\/entorno-hotel-inkigo-rooms\\\/\"]}]},{\"@type\":\"ImageObject\",\"inLanguage\":\"es\",\"@id\":\"https:\\\/\\\/inkigorooms.com\\\/en\\\/entorno-hotel-inkigo-rooms\\\/#primaryimage\",\"url\":\"https:\\\/\\\/inkigorooms.com\\\/wp-content\\\/uploads\\\/sites\\\/2\\\/Claustro_del_Monasterio_de_San_Juan_de_la_Penna.webp\",\"contentUrl\":\"https:\\\/\\\/inkigorooms.com\\\/wp-content\\\/uploads\\\/sites\\\/2\\\/Claustro_del_Monasterio_de_San_Juan_de_la_Penna.webp\"},{\"@type\":\"BreadcrumbList\",\"@id\":\"https:\\\/\\\/inkigorooms.com\\\/en\\\/entorno-hotel-inkigo-rooms\\\/#breadcrumb\",\"itemListElement\":[{\"@type\":\"ListItem\",\"position\":1,\"name\":\"Portada\",\"item\":\"https:\\\/\\\/inkigorooms.com\\\/en\\\/\"},{\"@type\":\"ListItem\",\"position\":2,\"name\":\"Entorno Hotel Inkigo Rooms\"}]},{\"@type\":\"WebSite\",\"@id\":\"https:\\\/\\\/inkigorooms.com\\\/en\\\/#website\",\"url\":\"https:\\\/\\\/inkigorooms.com\\\/en\\\/\",\"name\":\"Ingl\u00e9s Inkigo Rooms\",\"description\":\"en el centro de Jaca\",\"publisher\":{\"@id\":\"https:\\\/\\\/inkigorooms.com\\\/en\\\/#organization\"},\"potentialAction\":[{\"@type\":\"SearchAction\",\"target\":{\"@type\":\"EntryPoint\",\"urlTemplate\":\"https:\\\/\\\/inkigorooms.com\\\/en\\\/?s={search_term_string}\"},\"query-input\":{\"@type\":\"PropertyValueSpecification\",\"valueRequired\":true,\"valueName\":\"search_term_string\"}}],\"inLanguage\":\"es\"},{\"@type\":\"Organization\",\"@id\":\"https:\\\/\\\/inkigorooms.com\\\/en\\\/#organization\",\"name\":\"Ingl\u00e9s Inkigo Rooms\",\"url\":\"https:\\\/\\\/inkigorooms.com\\\/en\\\/\",\"logo\":{\"@type\":\"ImageObject\",\"inLanguage\":\"es\",\"@id\":\"https:\\\/\\\/inkigorooms.com\\\/en\\\/#\\\/schema\\\/logo\\\/image\\\/\",\"url\":\"https:\\\/\\\/inkigorooms.com\\\/en\\\/wp-content\\\/uploads\\\/sites\\\/2\\\/logo-inkigo-negro.svg\",\"contentUrl\":\"https:\\\/\\\/inkigorooms.com\\\/en\\\/wp-content\\\/uploads\\\/sites\\\/2\\\/logo-inkigo-negro.svg\",\"width\":700,\"height\":196,\"caption\":\"Ingl\u00e9s Inkigo Rooms \"},\"image\":{\"@id\":\"https:\\\/\\\/inkigorooms.com\\\/en\\\/#\\\/schema\\\/logo\\\/image\\\/\"}}]}<\/script>\n<!-- \/ Yoast SEO plugin. -->","yoast_head_json":{"title":"Entorno Hotel Inkigo Rooms - Ingl\u00e9s Inkigo Rooms","description":"Jaca es mucho m\u00e1s que una ciudad de monta\u00f1a: es historia, cultura y naturaleza en estado puro. Conocida como \u201cla perla de los Pirineos\u201d.","robots":{"index":"index","follow":"follow","max-snippet":"max-snippet:-1","max-image-preview":"max-image-preview:large","max-video-preview":"max-video-preview:-1"},"canonical":"https:\/\/inkigorooms.com\/en\/entorno-hotel-inkigo-rooms\/","og_locale":"es_ES","og_type":"article","og_title":"Entorno Hotel Inkigo Rooms - Ingl\u00e9s Inkigo Rooms","og_description":"Jaca es mucho m\u00e1s que una ciudad de monta\u00f1a: es historia, cultura y naturaleza en estado puro. Conocida como \u201cla perla de los Pirineos\u201d.","og_url":"https:\/\/inkigorooms.com\/en\/entorno-hotel-inkigo-rooms\/","og_site_name":"Ingl\u00e9s Inkigo Rooms","article_modified_time":"2025-06-18T14:22:23+00:00","og_image":[{"url":"https:\/\/inkigorooms.com\/wp-content\/uploads\/sites\/2\/Claustro_del_Monasterio_de_San_Juan_de_la_Penna.webp","type":"","width":"","height":""}],"twitter_card":"summary_large_image","twitter_misc":{"Tiempo de lectura":"2 minutos"},"schema":{"@context":"https:\/\/schema.org","@graph":[{"@type":"WebPage","@id":"https:\/\/inkigorooms.com\/en\/entorno-hotel-inkigo-rooms\/","url":"https:\/\/inkigorooms.com\/en\/entorno-hotel-inkigo-rooms\/","name":"Entorno Hotel Inkigo Rooms - Ingl\u00e9s Inkigo Rooms","isPartOf":{"@id":"https:\/\/inkigorooms.com\/en\/#website"},"primaryImageOfPage":{"@id":"https:\/\/inkigorooms.com\/en\/entorno-hotel-inkigo-rooms\/#primaryimage"},"image":{"@id":"https:\/\/inkigorooms.com\/en\/entorno-hotel-inkigo-rooms\/#primaryimage"},"thumbnailUrl":"https:\/\/inkigorooms.com\/wp-content\/uploads\/sites\/2\/Claustro_del_Monasterio_de_San_Juan_de_la_Penna.webp","datePublished":"2025-06-06T10:20:11+00:00","dateModified":"2025-06-18T14:22:23+00:00","description":"Jaca es mucho m\u00e1s que una ciudad de monta\u00f1a: es historia, cultura y naturaleza en estado puro. Conocida como \u201cla perla de los Pirineos\u201d.","breadcrumb":{"@id":"https:\/\/inkigorooms.com\/en\/entorno-hotel-inkigo-rooms\/#breadcrumb"},"inLanguage":"es","potentialAction":[{"@type":"ReadAction","target":["https:\/\/inkigorooms.com\/en\/entorno-hotel-inkigo-rooms\/"]}]},{"@type":"ImageObject","inLanguage":"es","@id":"https:\/\/inkigorooms.com\/en\/entorno-hotel-inkigo-rooms\/#primaryimage","url":"https:\/\/inkigorooms.com\/wp-content\/uploads\/sites\/2\/Claustro_del_Monasterio_de_San_Juan_de_la_Penna.webp","contentUrl":"https:\/\/inkigorooms.com\/wp-content\/uploads\/sites\/2\/Claustro_del_Monasterio_de_San_Juan_de_la_Penna.webp"},{"@type":"BreadcrumbList","@id":"https:\/\/inkigorooms.com\/en\/entorno-hotel-inkigo-rooms\/#breadcrumb","itemListElement":[{"@type":"ListItem","position":1,"name":"Portada","item":"https:\/\/inkigorooms.com\/en\/"},{"@type":"ListItem","position":2,"name":"Entorno Hotel Inkigo Rooms"}]},{"@type":"WebSite","@id":"https:\/\/inkigorooms.com\/en\/#website","url":"https:\/\/inkigorooms.com\/en\/","name":"Ingl\u00e9s Inkigo Rooms","description":"en el centro de Jaca","publisher":{"@id":"https:\/\/inkigorooms.com\/en\/#organization"},"potentialAction":[{"@type":"SearchAction","target":{"@type":"EntryPoint","urlTemplate":"https:\/\/inkigorooms.com\/en\/?s={search_term_string}"},"query-input":{"@type":"PropertyValueSpecification","valueRequired":true,"valueName":"search_term_string"}}],"inLanguage":"es"},{"@type":"Organization","@id":"https:\/\/inkigorooms.com\/en\/#organization","name":"Ingl\u00e9s Inkigo Rooms","url":"https:\/\/inkigorooms.com\/en\/","logo":{"@type":"ImageObject","inLanguage":"es","@id":"https:\/\/inkigorooms.com\/en\/#\/schema\/logo\/image\/","url":"https:\/\/inkigorooms.com\/en\/wp-content\/uploads\/sites\/2\/logo-inkigo-negro.svg","contentUrl":"https:\/\/inkigorooms.com\/en\/wp-content\/uploads\/sites\/2\/logo-inkigo-negro.svg","width":700,"height":196,"caption":"Ingl\u00e9s Inkigo Rooms "},"image":{"@id":"https:\/\/inkigorooms.com\/en\/#\/schema\/logo\/image\/"}}]}},"_links":{"self":[{"href":"https:\/\/inkigorooms.com\/en\/wp-json\/wp\/v2\/pages\/952","targetHints":{"allow":["GET"]}}],"collection":[{"href":"https:\/\/inkigorooms.com\/en\/wp-json\/wp\/v2\/pages"}],"about":[{"href":"https:\/\/inkigorooms.com\/en\/wp-json\/wp\/v2\/types\/page"}],"author":[{"embeddable":true,"href":"https:\/\/inkigorooms.com\/en\/wp-json\/wp\/v2\/users\/1"}],"replies":[{"embeddable":true,"href":"https:\/\/inkigorooms.com\/en\/wp-json\/wp\/v2\/comments?post=952"}],"version-history":[{"count":0,"href":"https:\/\/inkigorooms.com\/en\/wp-json\/wp\/v2\/pages\/952\/revisions"}],"wp:attachment":[{"href":"https:\/\/inkigorooms.com\/en\/wp-json\/wp\/v2\/media?parent=952"}],"curies":[{"name":"wp","href":"https:\/\/api.w.org\/{rel}","templated":true}]}}